{"id":221,"date":"2022-01-03T20:01:07","date_gmt":"2022-01-03T20:01:07","guid":{"rendered":"https:\/\/kseis.es\/?page_id=221"},"modified":"2022-01-04T12:35:22","modified_gmt":"2022-01-04T12:35:22","slug":"empresa","status":"publish","type":"page","link":"https:\/\/kseis.es\/index.php\/empresa\/","title":{"rendered":"EMPRESA"},"content":{"rendered":"<p>[et_pb_section fb_built=\u00bb1&#8243; custom_padding_last_edited=\u00bbon|tablet\u00bb admin_label=\u00bbHeader\u00bb _builder_version=\u00bb4.4.1&#8243; use_background_color_gradient=\u00bbon\u00bb background_color_gradient_start=\u00bb#d7dced\u00bb background_color_gradient_end=\u00bbrgba(249,249,249,0)\u00bb background_color_gradient_direction=\u00bb37deg\u00bb background_color_gradient_start_position=\u00bb46%\u00bb background_color_gradient_overlays_image=\u00bbon\u00bb background_image=\u00bbhttps:\/\/kseis.es\/wp-content\/uploads\/2022\/01\/dry-cleaning-01-2.jpg\u00bb background_position=\u00bbbottom_right\u00bb custom_padding=\u00bb15px||0px||false|\u00bb custom_padding_tablet=\u00bb0px||||false|false\u00bb custom_padding_phone=\u00bb\u00bb background_last_edited=\u00bboff|phone\u00bb background_color_gradient_start_position_tablet=\u00bb60%\u00bb background_color_gradient_start_position_phone=\u00bb80%\u00bb background_color_gradient_end_position_tablet=\u00bb60%\u00bb background_color_gradient_end_position_phone=\u00bb80%\u00bb box_shadow_style=\u00bbpreset7&#8243; box_shadow_horizontal=\u00bb30vw\u00bb box_shadow_vertical=\u00bb0px\u00bb box_shadow_color=\u00bb#eef1f8&#8243; box_shadow_horizontal_tablet=\u00bb0vw\u00bb box_shadow_horizontal_phone=\u00bb\u00bb box_shadow_horizontal_last_edited=\u00bbon|phone\u00bb global_colors_info=\u00bb{}\u00bb theme_builder_area=\u00bbpost_content\u00bb][et_pb_row _builder_version=\u00bb3.27.3&#8243; global_colors_info=\u00bb{}\u00bb theme_builder_area=\u00bbpost_content\u00bb][et_pb_column type=\u00bb4_4&#8243; _builder_version=\u00bb3.27.3&#8243; global_colors_info=\u00bb{}\u00bb theme_builder_area=\u00bbpost_content\u00bb][et_pb_text _builder_version=\u00bb4.0.10&#8243; text_font=\u00bbRoboto||||||||\u00bb header_font=\u00bb|700|||||||\u00bb header_text_color=\u00bb#000000&#8243; header_font_size=\u00bb110px\u00bb header_line_height=\u00bb1.4em\u00bb header_3_font=\u00bb|700|||||||\u00bb header_3_text_color=\u00bb#007dff\u00bb header_3_font_size=\u00bb18px\u00bb header_3_line_height=\u00bb1.6em\u00bb header_font_size_tablet=\u00bb50px\u00bb header_font_size_phone=\u00bb30px\u00bb header_font_size_last_edited=\u00bbon|phone\u00bb global_colors_info=\u00bb{}\u00bb theme_builder_area=\u00bbpost_content\u00bb]<\/p>\n<h1>VI\u00d1A DE KSEIS<\/h1>\n<h3><span style=\"color: #e4017f;\">Importaci\u00f3n y distribuci\u00f3n en Espa\u00f1a de \u00c9ter Et\u00edlico en distintos tipos de envase<br \/><\/span><\/h3>\n<p>[\/et_pb_text][et_pb_button button_url=\u00bb@ET-DC@eyJkeW5hbWljIjp0cnVlLCJjb250ZW50IjoicG9zdF9saW5rX3VybF9wYWdlIiwic2V0dGluZ3MiOnsicG9zdF9pZCI6IjcxIn19@\u00bb button_text=\u00bbPida Presupuesto\u00bb _builder_version=\u00bb4.4.8&#8243; _dynamic_attributes=\u00bbbutton_url\u00bb custom_button=\u00bbon\u00bb button_text_size=\u00bb16px\u00bb button_text_color=\u00bb#000000&#8243; button_bg_color=\u00bb#ffffff\u00bb button_border_color=\u00bb#d7dced\u00bb button_border_radius=\u00bb100px\u00bb button_font=\u00bb|700|||||||\u00bb custom_padding=\u00bb15px|35px|15px|35px|true|true\u00bb button_text_color_last_edited=\u00bboff|phone\u00bb global_colors_info=\u00bb{}\u00bb button_text_color__hover_enabled=\u00bbon|desktop\u00bb button_text_color__hover=\u00bb#ffffff\u00bb button_border_color__hover_enabled=\u00bbon|hover\u00bb button_border_color__hover=\u00bbrgba(0,0,0,0)\u00bb button_bg_color__hover_enabled=\u00bbon|hover\u00bb button_bg_color__hover=\u00bb#007dff\u00bb button_bg_enable_color__hover=\u00bbon\u00bb theme_builder_area=\u00bbpost_content\u00bb][\/et_pb_button][\/et_pb_column][\/et_pb_row][\/et_pb_section][et_pb_section fb_built=\u00bb1&#8243; custom_padding_last_edited=\u00bbon|tablet\u00bb admin_label=\u00bbPromos\u00bb _builder_version=\u00bb4.3.2&#8243; background_color=\u00bb#eef1f8&#8243; use_background_color_gradient=\u00bbon\u00bb background_color_gradient_start=\u00bb#eef1f8&#8243; background_color_gradient_end=\u00bbrgba(238,241,248,0)\u00bb background_color_gradient_end_position=\u00bb40%\u00bb background_color_gradient_overlays_image=\u00bbon\u00bb background_image=\u00bbhttps:\/\/kseis.es\/wp-content\/uploads\/2022\/01\/dry-cleaning-03-1024&#215;647-1.jpg\u00bb custom_padding=\u00bb||0px|||\u00bb custom_padding_tablet=\u00bb||48px||false|false\u00bb custom_padding_phone=\u00bb\u00bb locked=\u00bboff\u00bb global_colors_info=\u00bb{}\u00bb theme_builder_area=\u00bbpost_content\u00bb][et_pb_row column_structure=\u00bb2_3,1_3&#8243; custom_padding_last_edited=\u00bbon|phone\u00bb _builder_version=\u00bb4.4.1&#8243; width=\u00bb90%\u00bb max_width=\u00bb90%\u00bb custom_padding=\u00bb|||9vw|false|false\u00bb custom_padding_tablet=\u00bb|||0vw|false|false\u00bb custom_padding_phone=\u00bb\u00bb locked=\u00bboff\u00bb global_colors_info=\u00bb{}\u00bb theme_builder_area=\u00bbpost_content\u00bb][et_pb_column type=\u00bb2_3&#8243; _builder_version=\u00bb3.27.3&#8243; global_colors_info=\u00bb{}\u00bb theme_builder_area=\u00bbpost_content\u00bb][et_pb_text _builder_version=\u00bb4.4.2&#8243; text_font=\u00bbRoboto||||||||\u00bb header_2_font=\u00bb|700|||||||\u00bb header_2_font_size=\u00bb60px\u00bb header_2_line_height=\u00bb1.4em\u00bb header_3_font=\u00bb|700|||||||\u00bb header_3_text_color=\u00bb#007dff\u00bb header_3_font_size=\u00bb18px\u00bb header_3_line_height=\u00bb1.6em\u00bb width=\u00bb100%\u00bb max_width=\u00bb100%\u00bb custom_margin=\u00bb||-12px|||\u00bb custom_padding=\u00bb|0px||0px||\u00bb header_2_font_size_tablet=\u00bb40px\u00bb header_2_font_size_phone=\u00bb25px\u00bb header_2_font_size_last_edited=\u00bbon|desktop\u00bb global_colors_info=\u00bb{}\u00bb theme_builder_area=\u00bbpost_content\u00bb]<\/p>\n<h2>Quienes somos<\/h2>\n<p>[\/et_pb_text][et_pb_text _builder_version=\u00bb4.4.2&#8243; text_font=\u00bbRoboto||||||||\u00bb text_text_color=\u00bbrgba(0,0,0,0.77)\u00bb text_font_size=\u00bb16px\u00bb text_line_height=\u00bb1.8em\u00bb width=\u00bb98%\u00bb max_width=\u00bb98%\u00bb custom_padding=\u00bb||3px|||\u00bb locked=\u00bboff\u00bb global_colors_info=\u00bb{}\u00bb theme_builder_area=\u00bbpost_content\u00bb]<\/p>\n<p><strong>VI\u00d1A DE KSEIS S.L.<\/strong><span>\u00a0<\/span>es una empresa familiar cuya actividad principal es la importaci\u00f3n de \u00e9ter et\u00edlico y su distribuci\u00f3n en Espa\u00f1a. \u00c9sta es la continuaci\u00f3n ahora de forma \u00fanicamente comercial, de la fabricaci\u00f3n del \u00e9ter et\u00edlico iniciada en 1916 por un miembro de la familia. El producto envasado en bidones, se importa y se guarda en las condiciones necesarias en un almac\u00e9n especializado en materias peligrosas. Tambi\u00e9n se importa en ISO-contenedores haciendo entonces la entrega directamente a los clientes.<\/p>\n<p>El producto est\u00e1 certificado por ADOK con la ISO 9001.<\/p>\n<p><span style=\"font-size: 11.5pt;\">VI\u00d1A DE KSEIS S.L. tiene otras dos actividades no relacionadas con el sector qu\u00edmico, una en el sector de los equipamientos comerciales, produciendo expositores especiales bajo el nombre de SOLIDFORM y otra en el sector de la jardiner\u00eda bajo la denominaci\u00f3n de JARDINER\u00cdA DEL SIGLO XXI asesorando y realizando actividades\u00a0relacionadas con la misma, tales como la producci\u00f3n de viveros con plantas aut\u00f3ctonas de la zona de Les Gavarres y dise\u00f1ando proyectos de nuevos jardines o asesorando para otros ya existentes, con el fin de reducir al m\u00e1ximo del consumo de agua, el uso de productos qu\u00edmicos para el tratamiento de los mismos, la utilizaci\u00f3n de plantas de la zona \u00a0y la sustituci\u00f3n del c\u00e9sped por praderas resistentes a las sequ\u00edas.<\/span><\/p>\n<h4 class=\"et_pb_module_header\"><span><img loading=\"lazy\" decoding=\"async\" src=\"https:\/\/kseis.es\/wp-content\/uploads\/2022\/01\/fabrica.png\" alt=\"\" class=\"wp-image-229897 aligncenter size-full\" style=\"float: left;\" width=\"128\" height=\"128\" \/><\/span><\/h4>\n<h4 class=\"et_pb_module_header\"><span style=\"font-size: x-large;\">\u00a0<span style=\"color: #353534;\">100 a\u00f1os de Experiencia<\/span><\/span><\/h4>\n<div class=\"et_pb_blurb_description\">\n<p>\u00a0Como fabricantes desde 1916 a 1988 en dos ubicaciones distintas fabricando para el mercado\u00a0 \u00a0nacional y exportando a Am\u00e9rica del Sur durante algunos a\u00f1os, indican un conocimiento del producto dif\u00edcilmente superable.<\/p>\n<p>&nbsp;<\/p>\n<h4 class=\"et_pb_module_header\"><span><img loading=\"lazy\" decoding=\"async\" src=\"https:\/\/kseis.es\/wp-content\/uploads\/2022\/01\/simbolico.png\" alt=\"\" class=\"wp-image-229898 alignleft size-full\" width=\"128\" height=\"128\" \/><span style=\"color: #353534; font-size: x-large;\">Como Distribuidores<\/span><\/span><\/h4>\n<div class=\"et_pb_blurb_description\">\n<p>Desde 1988 como distribuidores exclusivos de la mayor productora mundial de \u00e9ter en aquellos momentos (hasta el cierre de la planta de producci\u00f3n por causas t\u00e9cnicas) indica tambi\u00e9n nuestra experiencia, conocimiento y buen hacer desde entonces, ya que en estos momentos estamos realizando la actividad exactamente como la iniciamos en 1988.<\/p>\n<\/div>\n<\/div>\n<p>&nbsp;<\/p>\n<p>[\/et_pb_text][\/et_pb_column][et_pb_column type=\u00bb1_3&#8243; _builder_version=\u00bb3.27.3&#8243; global_colors_info=\u00bb{}\u00bb theme_builder_area=\u00bbpost_content\u00bb][et_pb_image src=\u00bbhttps:\/\/kseis.es\/wp-content\/uploads\/2022\/01\/KSEIS_LOGO-1024&#215;1024-1.png\u00bb _builder_version=\u00bb4.4.2&#8243; global_colors_info=\u00bb{}\u00bb theme_builder_area=\u00bbpost_content\u00bb][\/et_pb_image][et_pb_image src=\u00bbhttps:\/\/kseis.es\/wp-content\/uploads\/2022\/01\/calidad-iso9001-298&#215;300-1.jpg\u00bb align=\u00bbcenter\u00bb _builder_version=\u00bb4.4.3&#8243; width=\u00bb40%\u00bb max_width=\u00bb40%\u00bb module_alignment=\u00bbcenter\u00bb min_height=\u00bb40%\u00bb global_colors_info=\u00bb{}\u00bb theme_builder_area=\u00bbpost_content\u00bb][\/et_pb_image][\/et_pb_column][\/et_pb_row][\/et_pb_section][et_pb_section fb_built=\u00bb1&#8243; custom_padding_last_edited=\u00bbon|tablet\u00bb admin_label=\u00bbHeader\u00bb _builder_version=\u00bb4.4.1&#8243; use_background_color_gradient=\u00bbon\u00bb background_color_gradient_start=\u00bb#d7dced\u00bb background_color_gradient_end=\u00bbrgba(249,249,249,0)\u00bb background_color_gradient_direction=\u00bb37deg\u00bb background_color_gradient_start_position=\u00bb46%\u00bb background_color_gradient_overlays_image=\u00bbon\u00bb background_image=\u00bbhttps:\/\/kseis.es\/wp-content\/uploads\/2022\/01\/dry-cleaning-01-2.jpg\u00bb background_position=\u00bbbottom_right\u00bb custom_padding=\u00bb15px||0px||false|\u00bb custom_padding_tablet=\u00bb0px||||false|false\u00bb custom_padding_phone=\u00bb\u00bb background_last_edited=\u00bboff|phone\u00bb background_color_gradient_start_position_tablet=\u00bb60%\u00bb background_color_gradient_start_position_phone=\u00bb80%\u00bb background_color_gradient_end_position_tablet=\u00bb60%\u00bb background_color_gradient_end_position_phone=\u00bb80%\u00bb box_shadow_style=\u00bbpreset7&#8243; box_shadow_horizontal=\u00bb30vw\u00bb box_shadow_vertical=\u00bb0px\u00bb box_shadow_color=\u00bb#eef1f8&#8243; box_shadow_horizontal_tablet=\u00bb0vw\u00bb box_shadow_horizontal_phone=\u00bb\u00bb box_shadow_horizontal_last_edited=\u00bbon|phone\u00bb global_colors_info=\u00bb{}\u00bb theme_builder_area=\u00bbpost_content\u00bb][et_pb_row column_structure=\u00bb1_3,2_3&#8243; _builder_version=\u00bb3.27.3&#8243; global_colors_info=\u00bb{}\u00bb theme_builder_area=\u00bbpost_content\u00bb][et_pb_column type=\u00bb1_3&#8243; _builder_version=\u00bb3.27.3&#8243; global_colors_info=\u00bb{}\u00bb theme_builder_area=\u00bbpost_content\u00bb][et_pb_image src=\u00bbhttps:\/\/kseis.es\/wp-content\/uploads\/2022\/01\/fabricaEter.jpg\u00bb _builder_version=\u00bb4.4.1&#8243; global_colors_info=\u00bb{}\u00bb theme_builder_area=\u00bbpost_content\u00bb][\/et_pb_image][et_pb_image src=\u00bbhttps:\/\/kseis.es\/wp-content\/uploads\/2022\/01\/fabrica2.jpg\u00bb _builder_version=\u00bb4.4.1&#8243; global_colors_info=\u00bb{}\u00bb theme_builder_area=\u00bbpost_content\u00bb][\/et_pb_image][et_pb_image src=\u00bbhttps:\/\/kseis.es\/wp-content\/uploads\/2022\/01\/fabrica4.jpg\u00bb _builder_version=\u00bb4.4.1&#8243; global_colors_info=\u00bb{}\u00bb theme_builder_area=\u00bbpost_content\u00bb][\/et_pb_image][et_pb_image src=\u00bbhttps:\/\/kseis.es\/wp-content\/uploads\/2022\/01\/fabrica3.jpg\u00bb _builder_version=\u00bb4.4.1&#8243; global_colors_info=\u00bb{}\u00bb theme_builder_area=\u00bbpost_content\u00bb][\/et_pb_image][et_pb_image src=\u00bbhttps:\/\/kseis.es\/wp-content\/uploads\/2022\/01\/fabrica5.jpg\u00bb _builder_version=\u00bb4.4.1&#8243; global_colors_info=\u00bb{}\u00bb theme_builder_area=\u00bbpost_content\u00bb][\/et_pb_image][\/et_pb_column][et_pb_column type=\u00bb2_3&#8243; _builder_version=\u00bb3.27.3&#8243; global_colors_info=\u00bb{}\u00bb theme_builder_area=\u00bbpost_content\u00bb][et_pb_text _builder_version=\u00bb4.4.1&#8243; text_font=\u00bbRoboto||||||||\u00bb header_2_font=\u00bb|700|||||||\u00bb header_2_font_size=\u00bb60px\u00bb header_2_line_height=\u00bb1.4em\u00bb header_3_font=\u00bb|700|||||||\u00bb header_3_text_color=\u00bb#007dff\u00bb header_3_font_size=\u00bb18px\u00bb header_3_line_height=\u00bb1.6em\u00bb width=\u00bb100%\u00bb max_width=\u00bb100%\u00bb custom_margin=\u00bb||-12px|||\u00bb custom_padding=\u00bb|0px||0px||\u00bb header_2_font_size_tablet=\u00bb40px\u00bb header_2_font_size_phone=\u00bb25px\u00bb header_2_font_size_last_edited=\u00bbon|desktop\u00bb global_colors_info=\u00bb{}\u00bb theme_builder_area=\u00bbpost_content\u00bb]<\/p>\n<h2>Historia<\/h2>\n<p>[\/et_pb_text][et_pb_text _builder_version=\u00bb4.4.2&#8243; text_font=\u00bbRoboto||||||||\u00bb text_text_color=\u00bbrgba(0,0,0,0.77)\u00bb text_font_size=\u00bb16px\u00bb text_line_height=\u00bb1.8em\u00bb width=\u00bb98%\u00bb max_width=\u00bb98%\u00bb custom_padding=\u00bb||3px|||\u00bb locked=\u00bboff\u00bb global_colors_info=\u00bb{}\u00bb theme_builder_area=\u00bbpost_content\u00bb]<\/p>\n<p class=\"s3\"><span class=\"s2\"><span>VI\u00d1A DE KSEIS S.L. es una empresa familiar cuya actividad principal est\u00e1 dentro del sector qu\u00edmico y es\u00a0la importaci\u00f3n de \u00e9ter et\u00edlico y su distribuci\u00f3n en Espa\u00f1a. Dicha actividad es la continuaci\u00f3n,\u00a0ahora\u00a0de forma \u00fanicamente comercial, de la actividad de fabricaci\u00f3n del \u00e9ter et\u00edlico iniciada en 1916 por un miembro de la familia.\u00a0<\/span><\/span><span><o:p><\/o:p><\/span><\/p>\n<p class=\"s3\"><span class=\"s2\"><span>La actividad\u00a0se realiz\u00f3 ininterrumpidamente en Montcada-Reixac (Barcelona) durante 60 a\u00f1os, trasladando en el a\u00f1o 1977 la planta de producci\u00f3n de \u00e9ter et\u00edlico de Montcada a Gualba de Baix (Barcelona).\u00a0<\/span><\/span><span>Donde se mantuvo hasta 1988. Como nos recuerda la Universidad Aut\u00f3noma de Barcelona UAB en su <a href=\"https:\/\/kseis.es\/wp-content\/uploads\/2020\/04\/Montcada.pdf\" target=\"_blank\" rel=\"noopener noreferrer\">informe sobre el patrimonio desaparecido de Montcada i Reixac<\/a>, que menciona su ubicaci\u00f3n en el casco urbano, su importancia durante la guerra civil y su traslado a Gualba.<\/span><\/p>\n<p class=\"s3\"><span class=\"s2\"><span>La primera materia para la fabricaci\u00f3n del \u00e9ter es el alcohol et\u00edlico (etanol) y entre otras la utilizaci\u00f3n del \u00e9ter, destacan su intervenci\u00f3n en la fabricaci\u00f3n de p\u00f3lvoras, su actuaci\u00f3n como disolvente extractor\u00a0y su inclusi\u00f3n como componente en algunas formulaciones qu\u00edmicas.<\/span><\/span><span><o:p><\/o:p><\/span><\/p>\n<p class=\"s3\"><span class=\"s2\"><span>La fabricaci\u00f3n de p\u00f3lvoras y su exportaci\u00f3n a terceros pa\u00edses fue una actividad industrial importante en Europa y Espa\u00f1a, pero que a finales de los ochenta entr\u00f3 en declive ya que pas\u00f3 a estar muy limitada su exportaci\u00f3n a terceros pa\u00edses , por la CEE. Ello provoc\u00f3 el cierre de la planta de producci\u00f3n, continuando desde entonces con una actividad puramente comercial, importando el \u00e9ter en un principio de Francia y actualmente en otros pa\u00edses (por cierre de la planta francesa).<\/span><\/span><span><o:p><\/o:p><\/span><\/p>\n<p class=\"s3\"><span class=\"s2\"><span>El producto se comercializa en bidones de 200 litros y en Iso contenedores de distintas capacidades, entre 6.000 y 24.000 litros. El \u00e9ter envasado en bidones, se importa y almacena en un lugar especializado en materias peligrosas. Cuando se entrega en ISO-contenedores la entrega se realiza directamente a los clientes.<\/span><\/span><span><o:p><\/o:p><\/span><\/p>\n<p class=\"s3\"><span class=\"s2\"><span>El producto\u00a0est\u00e1 certificado por\u00a0LMS y Bureau Veritas\u00a0con la ISO 9001.<\/span><\/span><span><o:p><\/o:p><\/span><\/p>\n<p>&nbsp;<\/p>\n<p class=\"s3\"><span class=\"s2\"><span>VI\u00d1A DE KSEIS, S.L. ha implantado un Sistema de Gesti\u00f3n de la Calidad seg\u00fan norma UNE- EN ISO 9001:2015, certificado por Adok, mediante el cual se compromete a mantener y mejorar actuando, entre otras, con las siguientes directrices:<\/span><\/span><span><o:p><\/o:p><\/span><\/p>\n<p class=\"s3\"><span class=\"s2\"><span>El cumplimiento de la legislaci\u00f3n en el desarrollo de sus actividades, as\u00ed como de otros requisitos suscritos con los clientes.<\/span><\/span><span><o:p><\/o:p><\/span><\/p>\n<p class=\"s3\"><span class=\"s2\"><span>El mantenimiento de los canales de comunicaci\u00f3n necesarios con los clientes para la detecci\u00f3n de sus necesidades actuales y futuras, con objeto de asegurar su satisfacci\u00f3n con respecto al cumplimiento de sus requisitos y expectativas.<\/span><\/span><span><o:p><\/o:p><\/span><\/p>\n<p class=\"s3\"><span class=\"s2\"><span>El cumplimiento de los requisitos y la mejora continua del Sistema de Gesti\u00f3n, mediante la implantaci\u00f3n de sistemas de medici\u00f3n y seguimiento de los servicios prestados a nuestros clientes as\u00ed como de los objetivos del sistema.<\/span><\/span><span><o:p><\/o:p><\/span><\/p>\n<p class=\"s3\"><span class=\"s2\"><span>Compromiso de Informaci\u00f3n a partes interesadas.<\/span><\/span><span><o:p><\/o:p><\/span><\/p>\n<p>\u00a0<span style=\"font-size: 16px;\">VI\u00d1A DE KSEIS S.L. tiene otras dos actividades no relacionadas con el sector qu\u00edmico, una en el sector de los equipamientos comerciales, produciendo expositores especiales bajo el nombre de SOLIDFORM y otra en el sector de la jardiner\u00eda bajo la denominaci\u00f3n de JARDINER\u00cdA DEL SIGLO XXI asesorando y realizando actividades\u00a0relacionadas con la misma, tales como la producci\u00f3n de viveros con plantas aut\u00f3ctonas de la zona de Les Gavarres y dise\u00f1ando proyectos de nuevos jardines o asesorando para otros ya existentes, con el fin de reducir al m\u00e1ximo del consumo de agua, el uso de productos qu\u00edmicos para el tratamiento de los mismos, la utilizaci\u00f3n de plantas de la zona \u00a0y la sustituci\u00f3n del c\u00e9sped por praderas resistentes a las sequ\u00edas.<\/span><\/p>\n<p>[\/et_pb_text][\/et_pb_column][\/et_pb_row][\/et_pb_section]<\/p>\n","protected":false},"excerpt":{"rendered":"<p>VI\u00d1A DE KSEIS Importaci\u00f3n y distribuci\u00f3n en Espa\u00f1a de \u00c9ter Et\u00edlico en distintos tipos de envaseQuienes somosVI\u00d1A DE KSEIS S.L.\u00a0es una empresa familiar cuya actividad principal es la importaci\u00f3n de \u00e9ter et\u00edlico y su distribuci\u00f3n en Espa\u00f1a. \u00c9sta es la continuaci\u00f3n ahora de forma \u00fanicamente comercial, de la fabricaci\u00f3n del \u00e9ter et\u00edlico iniciada en 1916 [&hellip;]<\/p>\n","protected":false},"author":2,"featured_media":0,"parent":0,"menu_order":0,"comment_status":"closed","ping_status":"closed","template":"","meta":{"_et_pb_use_builder":"on","_et_pb_old_content":"","_et_gb_content_width":"","footnotes":""},"class_list":["post-221","page","type-page","status-publish","hentry"],"_links":{"self":[{"href":"https:\/\/kseis.es\/index.php\/wp-json\/wp\/v2\/pages\/221","targetHints":{"allow":["GET"]}}],"collection":[{"href":"https:\/\/kseis.es\/index.php\/wp-json\/wp\/v2\/pages"}],"about":[{"href":"https:\/\/kseis.es\/index.php\/wp-json\/wp\/v2\/types\/page"}],"author":[{"embeddable":true,"href":"https:\/\/kseis.es\/index.php\/wp-json\/wp\/v2\/users\/2"}],"replies":[{"embeddable":true,"href":"https:\/\/kseis.es\/index.php\/wp-json\/wp\/v2\/comments?post=221"}],"version-history":[{"count":2,"href":"https:\/\/kseis.es\/index.php\/wp-json\/wp\/v2\/pages\/221\/revisions"}],"predecessor-version":[{"id":509,"href":"https:\/\/kseis.es\/index.php\/wp-json\/wp\/v2\/pages\/221\/revisions\/509"}],"wp:attachment":[{"href":"https:\/\/kseis.es\/index.php\/wp-json\/wp\/v2\/media?parent=221"}],"curies":[{"name":"wp","href":"https:\/\/api.w.org\/{rel}","templated":true}]}}