{"id":225,"date":"2022-01-03T20:01:34","date_gmt":"2022-01-03T20:01:34","guid":{"rendered":"https:\/\/kseis.es\/?page_id=225"},"modified":"2022-01-04T12:37:19","modified_gmt":"2022-01-04T12:37:19","slug":"servicios","status":"publish","type":"page","link":"https:\/\/kseis.es\/index.php\/servicios\/","title":{"rendered":"SERVICIOS"},"content":{"rendered":"<p>[et_pb_section fb_built=\u00bb1&#8243; custom_padding_last_edited=\u00bbon|tablet\u00bb admin_label=\u00bbPromos\u00bb _builder_version=\u00bb4.4.1&#8243; background_color=\u00bb#eef1f8&#8243; use_background_color_gradient=\u00bbon\u00bb background_color_gradient_start=\u00bb#eef1f8&#8243; background_color_gradient_end=\u00bbrgba(238,241,248,0)\u00bb background_color_gradient_end_position=\u00bb40%\u00bb background_color_gradient_overlays_image=\u00bbon\u00bb background_image=\u00bbhttps:\/\/kseis.es\/wp-content\/uploads\/2022\/01\/isotank_seccion.jpg\u00bb custom_padding=\u00bb100px||100px|||\u00bb custom_padding_tablet=\u00bb||48px||false|false\u00bb custom_padding_phone=\u00bb\u00bb locked=\u00bboff\u00bb global_colors_info=\u00bb{}\u00bb theme_builder_area=\u00bbpost_content\u00bb][et_pb_row custom_padding_last_edited=\u00bbon|phone\u00bb _builder_version=\u00bb3.27.3&#8243; custom_padding=\u00bb|||9vw|false|false\u00bb custom_padding_tablet=\u00bb|||0vw|false|false\u00bb custom_padding_phone=\u00bb\u00bb locked=\u00bboff\u00bb global_colors_info=\u00bb{}\u00bb theme_builder_area=\u00bbpost_content\u00bb][et_pb_column type=\u00bb4_4&#8243; _builder_version=\u00bb3.27.3&#8243; global_colors_info=\u00bb{}\u00bb theme_builder_area=\u00bbpost_content\u00bb][et_pb_text _builder_version=\u00bb4.0.10&#8243; text_font=\u00bbRoboto||||||||\u00bb header_font=\u00bb|700|||||||\u00bb header_text_color=\u00bb#000000&#8243; header_font_size=\u00bb110px\u00bb header_line_height=\u00bb1.4em\u00bb header_3_font=\u00bb|700|||||||\u00bb header_3_text_color=\u00bb#007dff\u00bb header_3_font_size=\u00bb18px\u00bb header_3_line_height=\u00bb1.6em\u00bb header_font_size_tablet=\u00bb50px\u00bb header_font_size_phone=\u00bb30px\u00bb header_font_size_last_edited=\u00bbon|phone\u00bb global_colors_info=\u00bb{}\u00bb theme_builder_area=\u00bbpost_content\u00bb]<\/p>\n<h1>Isotank<\/h1>\n<h3><\/h3>\n<p>[\/et_pb_text][et_pb_text _builder_version=\u00bb4.3.2&#8243; text_font=\u00bbRoboto||||||||\u00bb text_text_color=\u00bbrgba(0,0,0,0.4)\u00bb text_font_size=\u00bb16px\u00bb text_line_height=\u00bb1.8em\u00bb max_width=\u00bb600px\u00bb locked=\u00bboff\u00bb global_colors_info=\u00bb{}\u00bb theme_builder_area=\u00bbpost_content\u00bb]<\/p>\n<p>El \u00e9ter se puede suministrar en contenedor de l\u00edquidos -Isotank- de capacidades de 23.100 litros (16.500 kg) y de 8.400 litros (6.000 kg). Dicha capacidad se puede reducir hasta alcanzar un m\u00ednimo del 80% como total, es decir 13.200 y 4.800 kg respectivamente.<\/p>\n<p>[\/et_pb_text][\/et_pb_column][\/et_pb_row][\/et_pb_section][et_pb_section fb_built=\u00bb1&#8243; custom_padding_last_edited=\u00bbon|tablet\u00bb admin_label=\u00bbPromos\u00bb _builder_version=\u00bb4.4.1&#8243; background_color=\u00bb#eef1f8&#8243; use_background_color_gradient=\u00bbon\u00bb background_color_gradient_start=\u00bb#eef1f8&#8243; background_color_gradient_end=\u00bbrgba(238,241,248,0)\u00bb background_color_gradient_end_position=\u00bb40%\u00bb background_color_gradient_overlays_image=\u00bbon\u00bb background_image=\u00bbhttps:\/\/kseis.es\/wp-content\/uploads\/2022\/01\/bidones.jpg\u00bb custom_padding=\u00bb100px||99px|||\u00bb custom_padding_tablet=\u00bb||48px||false|false\u00bb custom_padding_phone=\u00bb\u00bb locked=\u00bboff\u00bb global_colors_info=\u00bb{}\u00bb theme_builder_area=\u00bbpost_content\u00bb][et_pb_row custom_padding_last_edited=\u00bbon|phone\u00bb _builder_version=\u00bb3.27.3&#8243; custom_padding=\u00bb|||9vw|false|false\u00bb custom_padding_tablet=\u00bb|||0vw|false|false\u00bb custom_padding_phone=\u00bb\u00bb locked=\u00bboff\u00bb global_colors_info=\u00bb{}\u00bb theme_builder_area=\u00bbpost_content\u00bb][et_pb_column type=\u00bb4_4&#8243; _builder_version=\u00bb3.27.3&#8243; global_colors_info=\u00bb{}\u00bb theme_builder_area=\u00bbpost_content\u00bb][et_pb_text _builder_version=\u00bb4.0.10&#8243; text_font=\u00bbRoboto||||||||\u00bb header_font=\u00bb|700|||||||\u00bb header_text_color=\u00bb#000000&#8243; header_font_size=\u00bb110px\u00bb header_line_height=\u00bb1.4em\u00bb header_3_font=\u00bb|700|||||||\u00bb header_3_text_color=\u00bb#007dff\u00bb header_3_font_size=\u00bb18px\u00bb header_3_line_height=\u00bb1.6em\u00bb header_font_size_tablet=\u00bb50px\u00bb header_font_size_phone=\u00bb30px\u00bb header_font_size_last_edited=\u00bbon|phone\u00bb global_colors_info=\u00bb{}\u00bb theme_builder_area=\u00bbpost_content\u00bb]<\/p>\n<h1>Bidones<\/h1>\n<p>[\/et_pb_text][et_pb_text _builder_version=\u00bb4.3.2&#8243; text_font=\u00bbRoboto||||||||\u00bb text_text_color=\u00bbrgba(0,0,0,0.4)\u00bb text_font_size=\u00bb16px\u00bb text_line_height=\u00bb1.8em\u00bb max_width=\u00bb600px\u00bb locked=\u00bboff\u00bb global_colors_info=\u00bb{}\u00bb theme_builder_area=\u00bbpost_content\u00bb]<\/p>\n<p>Los bidones son met\u00e1licos con dos tapones de cierre roscados (2\u201d y 3\/4\u201d) \u00a0de capacidades de 200 litros (140 kg) y de 50 litros (35 kg). Siendo sus medidas 90&#215;58 cm para el de 200 litros y de 50&#215;40 cm para el de 50, siendo la segunda cifra el di\u00e1metro del bid\u00f3n.\u00a0<\/p>\n<p>[\/et_pb_text][\/et_pb_column][\/et_pb_row][\/et_pb_section][et_pb_section fb_built=\u00bb1&#8243; custom_padding_last_edited=\u00bbon|tablet\u00bb admin_label=\u00bbPromos\u00bb _builder_version=\u00bb4.4.1&#8243; background_color=\u00bb#eef1f8&#8243; use_background_color_gradient=\u00bbon\u00bb background_color_gradient_start=\u00bb#eef1f8&#8243; background_color_gradient_end=\u00bbrgba(238,241,248,0)\u00bb background_color_gradient_end_position=\u00bb40%\u00bb background_color_gradient_overlays_image=\u00bbon\u00bb background_image=\u00bbhttps:\/\/kseis.es\/wp-content\/uploads\/2022\/01\/transporte_serv.jpg\u00bb custom_padding=\u00bb100px||100px|||\u00bb custom_padding_tablet=\u00bb||48px||false|false\u00bb custom_padding_phone=\u00bb\u00bb locked=\u00bboff\u00bb global_colors_info=\u00bb{}\u00bb theme_builder_area=\u00bbpost_content\u00bb][et_pb_row custom_padding_last_edited=\u00bbon|phone\u00bb _builder_version=\u00bb4.4.8&#8243; custom_margin=\u00bb|auto||222px||\u00bb custom_padding=\u00bb|||0vw|false|false\u00bb custom_padding_tablet=\u00bb|||0vw|false|false\u00bb custom_padding_phone=\u00bb\u00bb locked=\u00bboff\u00bb global_colors_info=\u00bb{}\u00bb theme_builder_area=\u00bbpost_content\u00bb][et_pb_column type=\u00bb4_4&#8243; _builder_version=\u00bb3.27.3&#8243; global_colors_info=\u00bb{}\u00bb theme_builder_area=\u00bbpost_content\u00bb][et_pb_text _builder_version=\u00bb4.0.10&#8243; text_font=\u00bbRoboto||||||||\u00bb header_font=\u00bb|700|||||||\u00bb header_text_color=\u00bb#000000&#8243; header_font_size=\u00bb110px\u00bb header_line_height=\u00bb1.4em\u00bb header_3_font=\u00bb|700|||||||\u00bb header_3_text_color=\u00bb#007dff\u00bb header_3_font_size=\u00bb18px\u00bb header_3_line_height=\u00bb1.6em\u00bb header_font_size_tablet=\u00bb50px\u00bb header_font_size_phone=\u00bb30px\u00bb header_font_size_last_edited=\u00bbon|phone\u00bb global_colors_info=\u00bb{}\u00bb theme_builder_area=\u00bbpost_content\u00bb]<\/p>\n<h1>Transporte<\/h1>\n<p>[\/et_pb_text][et_pb_text _builder_version=\u00bb4.3.2&#8243; text_font=\u00bbRoboto||||||||\u00bb text_text_color=\u00bbrgba(0,0,0,0.4)\u00bb text_font_size=\u00bb16px\u00bb text_line_height=\u00bb1.8em\u00bb max_width=\u00bb600px\u00bb locked=\u00bboff\u00bb global_colors_info=\u00bb{}\u00bb theme_builder_area=\u00bbpost_content\u00bb]<\/p>\n<p>Vi\u00f1a de Kseis s.l. realiza la gesti\u00f3n del transporte de los Isotank o de los bidones hasta la direcci\u00f3n indicada por el cliente en camiones especiales o adaptados al transporte de mercanc\u00edas peligrosas.<\/p>\n<p>[\/et_pb_text][et_pb_image src=\u00bbhttps:\/\/kseis.es\/wp-content\/uploads\/2022\/01\/8camion.jpg\u00bb title_text=\u00bb8camion\u00bb _builder_version=\u00bb4.4.8&#8243; global_colors_info=\u00bb{}\u00bb theme_builder_area=\u00bbpost_content\u00bb][\/et_pb_image][\/et_pb_column][\/et_pb_row][\/et_pb_section][et_pb_section fb_built=\u00bb1&#8243; custom_padding_last_edited=\u00bbon|tablet\u00bb admin_label=\u00bbPromos\u00bb _builder_version=\u00bb4.4.1&#8243; background_color=\u00bb#eef1f8&#8243; use_background_color_gradient=\u00bbon\u00bb background_color_gradient_start=\u00bb#eef1f8&#8243; background_color_gradient_end=\u00bbrgba(238,241,248,0)\u00bb background_color_gradient_end_position=\u00bb40%\u00bb background_color_gradient_overlays_image=\u00bbon\u00bb background_image=\u00bbhttps:\/\/kseis.es\/wp-content\/uploads\/2022\/01\/Anmacen_serv.jpg\u00bb custom_padding=\u00bb100px||100px|||\u00bb custom_padding_tablet=\u00bb||48px||false|false\u00bb custom_padding_phone=\u00bb\u00bb locked=\u00bboff\u00bb global_colors_info=\u00bb{}\u00bb theme_builder_area=\u00bbpost_content\u00bb][et_pb_row custom_padding_last_edited=\u00bbon|phone\u00bb _builder_version=\u00bb4.4.8&#8243; width=\u00bb95%\u00bb max_width=\u00bb1208px\u00bb custom_padding=\u00bb|||9vw|false|false\u00bb custom_padding_tablet=\u00bb|||0vw|false|false\u00bb custom_padding_phone=\u00bb\u00bb locked=\u00bboff\u00bb global_colors_info=\u00bb{}\u00bb theme_builder_area=\u00bbpost_content\u00bb][et_pb_column type=\u00bb4_4&#8243; _builder_version=\u00bb3.27.3&#8243; global_colors_info=\u00bb{}\u00bb theme_builder_area=\u00bbpost_content\u00bb][et_pb_text _builder_version=\u00bb4.0.10&#8243; text_font=\u00bbRoboto||||||||\u00bb header_font=\u00bb|700|||||||\u00bb header_text_color=\u00bb#000000&#8243; header_font_size=\u00bb110px\u00bb header_line_height=\u00bb1.4em\u00bb header_3_font=\u00bb|700|||||||\u00bb header_3_text_color=\u00bb#007dff\u00bb header_3_font_size=\u00bb18px\u00bb header_3_line_height=\u00bb1.6em\u00bb width=\u00bb99.9%\u00bb custom_padding=\u00bb|||0px||\u00bb header_font_size_tablet=\u00bb50px\u00bb header_font_size_phone=\u00bb30px\u00bb header_font_size_last_edited=\u00bbon|phone\u00bb global_colors_info=\u00bb{}\u00bb theme_builder_area=\u00bbpost_content\u00bb]<\/p>\n<h1>Almac\u00e9n<\/h1>\n<h3><span style=\"color: #e4017f;\">Importaci\u00f3n y distribuci\u00f3n en Espa\u00f1a<\/span><\/h3>\n<p>[\/et_pb_text][et_pb_text _builder_version=\u00bb4.3.2&#8243; text_font=\u00bbRoboto||||||||\u00bb text_text_color=\u00bbrgba(0,0,0,0.4)\u00bb text_font_size=\u00bb16px\u00bb text_line_height=\u00bb1.8em\u00bb max_width=\u00bb600px\u00bb locked=\u00bboff\u00bb global_colors_info=\u00bb{}\u00bb theme_builder_area=\u00bbpost_content\u00bb]<\/p>\n<p>Vi\u00f1a de Kseis s.l. dispone, para las entregas de bidones, de un stock de los mismos en un almac\u00e9n de inflamables situado en las cercan\u00edas de Barcelona. Est\u00e1 en proyecto la posibilidad de mantener un stock similar en otro almac\u00e9n, situado cerca de Madrid.<\/p>\n<p>[\/et_pb_text][et_pb_image src=\u00bbhttps:\/\/kseis.es\/wp-content\/uploads\/2022\/01\/7almacen.jpg\u00bb title_text=\u00bb7almacen\u00bb _builder_version=\u00bb4.4.8&#8243; global_colors_info=\u00bb{}\u00bb theme_builder_area=\u00bbpost_content\u00bb][\/et_pb_image][\/et_pb_column][\/et_pb_row][\/et_pb_section]<\/p>\n","protected":false},"excerpt":{"rendered":"<p>Isotank El \u00e9ter se puede suministrar en contenedor de l\u00edquidos -Isotank- de capacidades de 23.100 litros (16.500 kg) y de 8.400 litros (6.000 kg). Dicha capacidad se puede reducir hasta alcanzar un m\u00ednimo del 80% como total, es decir 13.200 y 4.800 kg respectivamente.BidonesLos bidones son met\u00e1licos con dos tapones de cierre roscados (2\u201d y [&hellip;]<\/p>\n","protected":false},"author":2,"featured_media":0,"parent":0,"menu_order":0,"comment_status":"closed","ping_status":"closed","template":"","meta":{"_et_pb_use_builder":"on","_et_pb_old_content":"","_et_gb_content_width":"","footnotes":""},"class_list":["post-225","page","type-page","status-publish","hentry"],"_links":{"self":[{"href":"https:\/\/kseis.es\/index.php\/wp-json\/wp\/v2\/pages\/225","targetHints":{"allow":["GET"]}}],"collection":[{"href":"https:\/\/kseis.es\/index.php\/wp-json\/wp\/v2\/pages"}],"about":[{"href":"https:\/\/kseis.es\/index.php\/wp-json\/wp\/v2\/types\/page"}],"author":[{"embeddable":true,"href":"https:\/\/kseis.es\/index.php\/wp-json\/wp\/v2\/users\/2"}],"replies":[{"embeddable":true,"href":"https:\/\/kseis.es\/index.php\/wp-json\/wp\/v2\/comments?post=225"}],"version-history":[{"count":2,"href":"https:\/\/kseis.es\/index.php\/wp-json\/wp\/v2\/pages\/225\/revisions"}],"predecessor-version":[{"id":512,"href":"https:\/\/kseis.es\/index.php\/wp-json\/wp\/v2\/pages\/225\/revisions\/512"}],"wp:attachment":[{"href":"https:\/\/kseis.es\/index.php\/wp-json\/wp\/v2\/media?parent=225"}],"curies":[{"name":"wp","href":"https:\/\/api.w.org\/{rel}","templated":true}]}}